{"id":5,"date":"2017-01-18T09:46:29","date_gmt":"2017-01-18T09:46:29","guid":{"rendered":"http:\/\/www.innwit.com\/themes\/ocean\/?page_id=5"},"modified":"2019-10-04T09:33:40","modified_gmt":"2019-10-04T07:33:40","slug":"rigel-default","status":"publish","type":"page","link":"https:\/\/softsign.fr\/","title":{"rendered":"SoftSign"},"content":{"rendered":"<p>[vc_row full_width=&#8221;stretch_row_content_no_spaces&#8221; full_height=&#8221;yes&#8221; content_placement=&#8221;middle&#8221; color_style=&#8221;light&#8221; css=&#8221;.vc_custom_1542991919498{padding-top: 0px !important;padding-bottom: 0px !important;background-image: url(http:\/\/softsign.fr\/wp-content\/uploads\/2018\/11\/background2.jpg?id=47) !important;background-position: center !important;background-repeat: no-repeat !important;background-size: cover !important;}&#8221;][vc_column animate=&#8221;yes&#8221; transition=&#8221;fadeInUp&#8221;]<div class=\" size-sm align-center clearfix  pix-animate-cre\" data-trans=\"fadeInUp\"  data-duration=\"\"  data-delay=\"\"><h2 class=\"main-title title sub-title-con \" style=\"font-size: 72px; \">L&#039;e-signature simplifi\u00e9e<\/h2><p class=\"sub-title\" style=\"font-size: 22px;\">SoftSign c&#039;est la mise en place d&#039;une solution simple de gestion documentaire et d&#039;e-signature.<\/p><\/div>[\/vc_column][\/vc_row][vc_row css=&#8221;.vc_custom_1542897881704{padding-top: 100px !important;padding-bottom: 100px !important;}&#8221; el_id=&#8221;solution&#8221;][vc_column]<div class=\" size-sm align-center clearfix  pix-animate-cre\" data-trans=\"fadeInUp\"  data-duration=\"0.5s\"  data-delay=\"0s\"><h2 class=\"main-title title sub-title-con \" style=\"font-size: 44px; color: #3d3d3d; \">\u00c0 propos de SoftSign<\/h2><p class=\"sub-title\" style=\"color:#3d3d3d;\"\">SoftSign c\u2019est la mise en place dans votre soci\u00e9t\u00e9 d\u2019un outil de gestion et de signature de documents.<\/p><\/div>[vc_row_inner][vc_column_inner width=&#8221;1\/4&#8243;]<div class=\"icon-box circle outline  text-center  pix-animate-cre\" data-trans=\"fadeInUp\"  data-duration=\"0.5s\"  data-delay=\"0.1s\"><span class=\"icon-wrap\" style=\"color: #1bdd5f; border-color: #1bdd5f; \"><i class=\"ama-icon pixicon-documents\"><\/i><\/span><div class=\"icon-box-content\"><h2 class=\"title uppercase\" style=\"color: #3d3d3d; \">Simple \u00e0 utiliser<\/h2><div class=\"content\" style=\"\"><p>Envoyer simplement vos documents \u00e0 signer, \u00e0 plusieurs destinataires, \u00e0 partir d\u2019un mod\u00e8le de document.<\/p>\n<\/div><\/div><\/div>[\/vc_column_inner][vc_column_inner width=&#8221;1\/4&#8243;]<div class=\"icon-box circle outline  text-center  pix-animate-cre\" data-trans=\"fadeInUp\"  data-duration=\"0.5s\"  data-delay=\"0.2s\"><span class=\"icon-wrap\" style=\"color: #1bdd5f; border-color: #1bdd5f; \"><i class=\"ama-icon pixicon-config\"><\/i><\/span><div class=\"icon-box-content\"><h2 class=\"title uppercase\" style=\"color: #3d3d3d; \">Interface de suivi<\/h2><div class=\"content\" style=\"\"><p>Un tableau de bord permet de suivre le statut des documents envoy\u00e9s pour signature.<\/p>\n<\/div><\/div><\/div>[\/vc_column_inner][vc_column_inner width=&#8221;1\/4&#8243;]<div class=\"icon-box circle outline  text-center  pix-animate-cre\" data-trans=\"fadeInUp\"  data-duration=\"0.5s\"  data-delay=\"0.3s\"><span class=\"icon-wrap\" style=\"color: #1bdd5f; border-color: #1bdd5f; \"><i class=\"ama-icon pixicon-puzzle-2\"><\/i><\/span><div class=\"icon-box-content\"><h2 class=\"title uppercase\" style=\"color: #3d3d3d; \">Facile \u00e0 d\u00e9ployer<\/h2><div class=\"content\" style=\"\"><p>Nous nous occupons de mettre en \u0153uvre une solution personnalis\u00e9e, de la formation et de l\u2019accompagnement.<\/p>\n<\/div><\/div><\/div>[\/vc_column_inner][vc_column_inner width=&#8221;1\/4&#8243;]<div class=\"icon-box circle outline  text-center  pix-animate-cre\" data-trans=\"fadeInUp\"  data-duration=\"0.5s\"  data-delay=\"0.3s\"><span class=\"icon-wrap\" style=\"color: #1bdd5f; border-color: #1bdd5f; \"><i class=\"ama-icon pixicon-basic-clessidre\"><\/i><\/span><div class=\"icon-box-content\"><h2 class=\"title uppercase\" style=\"color: #3d3d3d; \">Rapide \u00e0 signer<\/h2><div class=\"content\" style=\"\"><p>Diminuer les d\u00e9lais de signature de tous types de documents : factures, commandes, contrats\u2026<\/p>\n<\/div><\/div><\/div>[\/vc_column_inner][\/vc_row_inner][\/vc_column][\/vc_row][vc_row full_width=&#8221;stretch_row_content_no_spaces&#8221; full_height=&#8221;yes&#8221; equal_height=&#8221;yes&#8221; content_placement=&#8221;middle&#8221; css=&#8221;.vc_custom_1543856361093{padding-top: 80px !important;padding-bottom: 130px !important;background-color: #f7f7f7 !important;background-position: center !important;background-repeat: no-repeat !important;background-size: cover !important;}&#8221;][vc_column css=&#8221;.vc_custom_1542794736544{padding-right: 5% !important;padding-left: 5% !important;}&#8221;][vc_video link=&#8221;https:\/\/www.youtube.com\/watch?v=qhYorDCYpfc&#8221; align=&#8221;center&#8221; title=&#8221;La solution en vid\u00e9o&#8230;&#8221;][\/vc_column][\/vc_row][vc_row full_width=&#8221;stretch_row_content&#8221; color_style=&#8221;light&#8221; css=&#8221;.vc_custom_1542811301662{padding-top: 30px !important;padding-bottom: 0px !important;background-color: #ffffff !important;}&#8221; el_id=&#8221;partenaires&#8221;][vc_column]<div class=\" size-sm align-center clearfix \"  ><h2 class=\"main-title title sub-title-con \" style=\"font-size: 44px; color: #3d3d3d; \">Nos partenaires<\/h2><p class=\"sub-title\" style=\"color:#3d3d3d;\"\">Int\u00e9gration des produits r\u00e9f\u00e9rents du march\u00e9 :<\/p><\/div>[\/vc_column][vc_column width=&#8221;1\/4&#8243; css=&#8221;.vc_custom_1483102179218{padding-top: 0px !important;padding-bottom: 0px !important;}&#8221;][\/vc_column][vc_column width=&#8221;1\/4&#8243;][vc_single_image image=&#8221;153&#8243; img_size=&#8221;full&#8221; alignment=&#8221;center&#8221; style=&#8221;vc_box_rounded&#8221; onclick=&#8221;custom_link&#8221; img_link_target=&#8221;_blank&#8221; link=&#8221;https:\/\/acrobat.adobe.com\/fr\/fr\/sign.html&#8221;]<div class=\" size-sm align-center clearfix \"  ><h2 class=\"main-title title sub-title-con \" style=\"color: #3d3d3d; \">Adobe Sign<\/h2><span class=\"line\" style=\"background: #f7f7f7; \"><\/span><p class=\"sub-title\" style=\"color:#3d3d3d;\"\">Solution d\u2019Adobe permettant l\u2019envoi, l\u2019approbation et l\u2019e-signature des documents.<\/p><\/div>[vc_empty_space height=&#8221;34px&#8221;][\/vc_column][vc_column width=&#8221;1\/4&#8243;][vc_single_image image=&#8221;154&#8243; img_size=&#8221;full&#8221; alignment=&#8221;center&#8221; style=&#8221;vc_box_rounded&#8221; onclick=&#8221;custom_link&#8221; img_link_target=&#8221;_blank&#8221; link=&#8221;https:\/\/products.office.com\/fr-fr\/sharepoint\/collaboration&#8221;]<div class=\" size-sm align-center clearfix \"  ><h2 class=\"main-title title sub-title-con \" style=\"color: #3d3d3d; \">Microsoft SharePoint<\/h2><span class=\"line\" style=\"background: #f7f7f7; \"><\/span><p class=\"sub-title\" style=\"color:#3d3d3d;\"\">Solution permettant la gestion documentaire, la mise en place de listes et biblioth\u00e8ques.<\/p><\/div>[vc_empty_space height=&#8221;34px&#8221;][\/vc_column][vc_column width=&#8221;1\/4&#8243;][\/vc_column][\/vc_row][vc_row full_width=&#8221;stretch_row_content&#8221; equal_height=&#8221;yes&#8221; content_placement=&#8221;middle&#8221; css=&#8221;.vc_custom_1543856370285{padding-top: 65px !important;padding-bottom: 100px !important;background-color: #f7f7f7 !important;background-position: center !important;background-repeat: no-repeat !important;background-size: cover !important;}&#8221; el_id=&#8221;nous&#8221;][vc_column width=&#8221;1\/6&#8243; set_column_height=&#8221;yes&#8221; column_height=&#8221;540px&#8221;][\/vc_column][vc_column width=&#8221;2\/3&#8243;]<div class=\" size-sm align-center clearfix \"  ><h2 class=\"main-title title \" style=\"font-size: 44px; color: #3d3d3d; \">Qui sommes-nous ?<\/h2><\/div>[vc_single_image image=&#8221;317&#8243; img_size=&#8221;medium&#8221; alignment=&#8221;center&#8221; css=&#8221;.vc_custom_1570174419329{margin-top: 15px !important;}&#8221;]<div class=\" size-sm align-center clearfix \"  ><h2 class=\"main-title title sub-title-con \" style=\"font-size: 44px; color: #3d3d3d; \"><\/h2><p class=\"sub-title\" style=\"color:#3d3d3d;\"\">SoftSign est un service propos\u00e9 par Teamsquare, soci\u00e9t\u00e9 sp\u00e9cialis\u00e9e dans le conseil en management. Nous avons un savoir faire reconnu. Depuis plus de 10 ans, nous aidons nos clients \u00e0 r\u00e9aliser leurs projets.<\/p><\/div><div class=\"pix_button clear button-center\"><a href=\"http:\/\/teamsquare.fr\" title=\"\"  target=\" _blank\" class=\"btn btn-solid btn-rectangle  btn-md colorbtn pix-animate-cre \" data-trans=\"fadeInUp\" data-duration=\"0.5s\" data-delay=\"0.1s\">En savoir plus<\/a><\/div>[\/vc_column][vc_column width=&#8221;1\/6&#8243;][\/vc_column][\/vc_row][vc_row full_width=&#8221;stretch_row&#8221; content_placement=&#8221;middle&#8221; color_style=&#8221;light&#8221; css=&#8221;.vc_custom_1542986718167{background-image: url(http:\/\/softsign.fr\/wp-content\/uploads\/2018\/11\/background-contact.jpg?id=286) !important;background-position: center !important;background-repeat: no-repeat !important;background-size: cover !important;}&#8221; el_id=&#8221;contact&#8221;][vc_column width=&#8221;1\/4&#8243;][\/vc_column][vc_column width=&#8221;1\/2&#8243;]<div class=\" size-sm align-center clearfix \"  ><h2 class=\"main-title title sub-title-con \" style=\"font-size: 44px; color: #ffffff; \">Vous souhaitez avoir plus d&#039;informations ?<\/h2><p class=\"sub-title\" style=\"color:#ffffff;\"\">Contactez-nous via le formulaire ou par t\u00e9l\u00e9phone au num\u00e9ro ci-dessous.<\/p><\/div>[vc_column_text]<\/p>\n<p style=\"text-align: center;\">T\u00e9l\u00e9phone : +33 (0)4 72 35 13 25<\/p>\n<p>[\/vc_column_text]<div role=\"form\" class=\"wpcf7\" id=\"wpcf7-f230-o1\" lang=\"fr-FR\" dir=\"ltr\">\n<div class=\"screen-reader-response\"><p role=\"status\" aria-live=\"polite\" aria-atomic=\"true\"><\/p> <ul><\/ul><\/div>\n<form action=\"\/index.php\/wp-json\/wp\/v2\/pages\/5#wpcf7-f230-o1\" method=\"post\" class=\"wpcf7-form init\" novalidate=\"novalidate\" data-status=\"init\">\n<div style=\"display: none;\">\n<input type=\"hidden\" name=\"_wpcf7\" value=\"230\" \/>\n<input type=\"hidden\" name=\"_wpcf7_version\" value=\"5.4.2\" \/>\n<input type=\"hidden\" name=\"_wpcf7_locale\" value=\"fr_FR\" \/>\n<input type=\"hidden\" name=\"_wpcf7_unit_tag\" value=\"wpcf7-f230-o1\" \/>\n<input type=\"hidden\" name=\"_wpcf7_container_post\" value=\"0\" \/>\n<input type=\"hidden\" name=\"_wpcf7_posted_data_hash\" value=\"\" \/>\n<\/div>\n<p><label> Votre nom et pr\u00e9nom* (obligatoire)<br \/>\n    <span class=\"wpcf7-form-control-wrap your-name\"><input type=\"text\" name=\"your-name\" value=\"\" size=\"40\" class=\"wpcf7-form-control wpcf7-text wpcf7-validates-as-required\" aria-required=\"true\" aria-invalid=\"false\" \/><\/span> <\/label><\/p>\n<p><label> Votre adresse mail* (obligatoire)<br \/>\n    <span class=\"wpcf7-form-control-wrap your-email\"><input type=\"email\" name=\"your-email\" value=\"\" size=\"40\" class=\"wpcf7-form-control wpcf7-text wpcf7-email wpcf7-validates-as-required wpcf7-validates-as-email\" aria-required=\"true\" aria-invalid=\"false\" \/><\/span> <\/label><\/p>\n<p><label> Sujet<br \/>\n    <span class=\"wpcf7-form-control-wrap your-subject\"><input type=\"text\" name=\"your-subject\" value=\"\" size=\"40\" class=\"wpcf7-form-control wpcf7-text\" aria-invalid=\"false\" \/><\/span> <\/label><\/p>\n<p><label> Votre message<br \/>\n    <span class=\"wpcf7-form-control-wrap your-message\"><textarea name=\"your-message\" cols=\"40\" rows=\"10\" class=\"wpcf7-form-control wpcf7-textarea\" aria-invalid=\"false\"><\/textarea><\/span> <\/label><\/p>\n<p><input type=\"submit\" value=\"ENVOYER\" class=\"wpcf7-form-control wpcf7-submit\" \/><\/p>\n<p style=\"display: none !important;\" class=\"akismet-fields-container\" data-prefix=\"_wpcf7_ak_\"><label>&#916;<textarea name=\"_wpcf7_ak_hp_textarea\" cols=\"45\" rows=\"8\" maxlength=\"100\"><\/textarea><\/label><input type=\"hidden\" id=\"ak_js_1\" name=\"_wpcf7_ak_js\" value=\"1\"\/><script>document.getElementById( \"ak_js_1\" ).setAttribute( \"value\", ( new Date() ).getTime() );<\/script><\/p><div class=\"wpcf7-response-output\" aria-hidden=\"true\"><\/div><\/form><\/div>[\/vc_column][vc_column width=&#8221;1\/4&#8243;][\/vc_column][\/vc_row]<\/p>\n","protected":false},"excerpt":{"rendered":"<p>[vc_row full_width=&#8221;stretch_row_content_no_spaces&#8221; full_height=&#8221;yes&#8221; content_placement=&#8221;middle&#8221; color_style=&#8221;light&#8221; css=&#8221;.vc_custom_1542991919498{padding-top: 0px !important;padding-bottom: 0px !important;background-image: url(http:\/\/softsign.fr\/wp-content\/uploads\/2018\/11\/background2.jpg?id=47) !important;background-position: center !important;background-repeat: no-repeat !important;background-size: cover !important;}&#8221;][vc_column animate=&#8221;yes&#8221; transition=&#8221;fadeInUp&#8221;][\/vc_column][\/vc_row][vc_row css=&#8221;.vc_custom_1542897881704{padding-top: 100px !important;padding-bottom: 100px !important;}&#8221; el_id=&#8221;solution&#8221;][vc_column][vc_row_inner][vc_column_inner width=&#8221;1\/4&#8243;][\/vc_column_inner][vc_column_inner width=&#8221;1\/4&#8243;][\/vc_column_inner][vc_column_inner width=&#8221;1\/4&#8243;][\/vc_column_inner][vc_column_inner width=&#8221;1\/4&#8243;][\/vc_column_inner][\/vc_row_inner][\/vc_column][\/vc_row][vc_row full_width=&#8221;stretch_row_content_no_spaces&#8221; full_height=&#8221;yes&#8221; equal_height=&#8221;yes&#8221; content_placement=&#8221;middle&#8221; css=&#8221;.vc_custom_1543856361093{padding-top: 80px !important;padding-bottom: 130px !important;background-color: #f7f7f7&#8230;<\/p>\n","protected":false},"author":2,"featured_media":0,"parent":0,"menu_order":0,"comment_status":"closed","ping_status":"closed","template":"","meta":[],"_links":{"self":[{"href":"https:\/\/softsign.fr\/index.php\/wp-json\/wp\/v2\/pages\/5"}],"collection":[{"href":"https:\/\/softsign.fr\/index.php\/wp-json\/wp\/v2\/pages"}],"about":[{"href":"https:\/\/softsign.fr\/index.php\/wp-json\/wp\/v2\/types\/page"}],"author":[{"embeddable":true,"href":"https:\/\/softsign.fr\/index.php\/wp-json\/wp\/v2\/users\/2"}],"replies":[{"embeddable":true,"href":"https:\/\/softsign.fr\/index.php\/wp-json\/wp\/v2\/comments?post=5"}],"version-history":[{"count":196,"href":"https:\/\/softsign.fr\/index.php\/wp-json\/wp\/v2\/pages\/5\/revisions"}],"predecessor-version":[{"id":319,"href":"https:\/\/softsign.fr\/index.php\/wp-json\/wp\/v2\/pages\/5\/revisions\/319"}],"wp:attachment":[{"href":"https:\/\/softsign.fr\/index.php\/wp-json\/wp\/v2\/media?parent=5"}],"curies":[{"name":"wp","href":"https:\/\/api.w.org\/{rel}","templated":true}]}}